
{"id":154815,"date":"2025-09-11T12:11:41","date_gmt":"2025-09-11T12:11:41","guid":{"rendered":"https:\/\/www.emporio.si\/p\/cheese-grater\/"},"modified":"2025-12-06T11:17:48","modified_gmt":"2025-12-06T11:17:48","slug":"strgalnik-za-sir","status":"publish","type":"product","link":"https:\/\/www.emporio.si\/si\/p\/strgalnik-za-sir\/","title":{"rendered":"Strgalo za sir"},"content":{"rendered":"<p>Strgalo za parmezan iz nerjave\u010dega jekla z lesenim ro\u010dajem. Na ro\u010daj graviramo va\u0161 logotip.<\/p>","protected":false},"excerpt":{"rendered":"<p>Strgalo za parmezan iz nerjave\u010dega jekla z lesenim ro\u010dajem. Na ro\u010daj graviramo va\u0161 logotip.<\/p>","protected":false},"featured_media":154811,"template":"","meta":{"_acf_changed":false,"inline_featured_image":false,"_bst_post_transparent":"","_bst_post_title":"","_bst_post_layout":"","_bst_post_sidebar_id":"","_bst_post_content_style":"","_bst_post_vertical_padding":"","_bst_post_feature":"","_bst_post_feature_position":"","_bst_post_header":false,"_bst_post_footer":false},"product_brand":[],"product_cat":[2507],"product_tag":[],"class_list":{"0":"post-154815","1":"product","2":"type-product","3":"status-publish","4":"has-post-thumbnail","6":"product_cat-kitchen-accessories","8":"first","9":"instock","10":"taxable","11":"shipping-taxable","12":"purchasable","13":"product-type-variable","14":"entry","15":"content-bg","16":"loop-entry"},"acf":[],"_links":{"self":[{"href":"https:\/\/www.emporio.si\/si\/wp-json\/wp\/v2\/product\/154815","targetHints":{"allow":["GET"]}}],"collection":[{"href":"https:\/\/www.emporio.si\/si\/wp-json\/wp\/v2\/product"}],"about":[{"href":"https:\/\/www.emporio.si\/si\/wp-json\/wp\/v2\/types\/product"}],"wp:featuredmedia":[{"embeddable":true,"href":"https:\/\/www.emporio.si\/si\/wp-json\/wp\/v2\/media\/154811"}],"wp:attachment":[{"href":"https:\/\/www.emporio.si\/si\/wp-json\/wp\/v2\/media?parent=154815"}],"wp:term":[{"taxonomy":"product_brand","embeddable":true,"href":"https:\/\/www.emporio.si\/si\/wp-json\/wp\/v2\/product_brand?post=154815"},{"taxonomy":"product_cat","embeddable":true,"href":"https:\/\/www.emporio.si\/si\/wp-json\/wp\/v2\/product_cat?post=154815"},{"taxonomy":"product_tag","embeddable":true,"href":"https:\/\/www.emporio.si\/si\/wp-json\/wp\/v2\/product_tag?post=154815"}],"curies":[{"name":"wp","href":"https:\/\/api.w.org\/{rel}","templated":true}]}}