
{"id":155160,"date":"2025-09-11T12:13:28","date_gmt":"2025-09-11T12:13:28","guid":{"rendered":"https:\/\/www.emporio.si\/p\/large-stainless-steel-drinking-bottle-with-rhinest\/"},"modified":"2025-11-10T13:17:38","modified_gmt":"2025-11-10T13:17:38","slug":"velika-steklenica-za-pitje-iz-nerjavecega-jekla-z-rinestom","status":"publish","type":"product","link":"https:\/\/www.emporio.si\/si\/p\/velika-steklenica-za-pitje-iz-nerjavecega-jekla-z-rinestom\/","title":{"rendered":"Velika steklenica za pitje iz nerjave\u010dega jekla z rinestom"},"content":{"rendered":"<p>Dvostenska vakuumska steklenica za pitje iz nerjavnega jekla z ble\u0161\u010de\u010dimi poudarki iz kristalov, prostornino 500 ml, vlo\u017ekom s cedilom in nepropustnim pokrov\u010dkom. Na pokrov\u010dek natisnemo va\u0161 logotip.<\/p>","protected":false},"excerpt":{"rendered":"<p>Dvostenska vakuumska steklenica za pitje iz nerjavnega jekla z ble\u0161\u010de\u010dimi poudarki iz kristalov, prostornino 500 ml, vlo\u017ekom s cedilom in nepropustnim pokrov\u010dkom. Na pokrov\u010dek natisnemo va\u0161 logotip.<\/p>","protected":false},"featured_media":155156,"template":"","meta":{"_acf_changed":false,"inline_featured_image":false,"_bst_post_transparent":"","_bst_post_title":"","_bst_post_layout":"","_bst_post_sidebar_id":"","_bst_post_content_style":"","_bst_post_vertical_padding":"","_bst_post_feature":"","_bst_post_feature_position":"","_bst_post_header":false,"_bst_post_footer":false},"product_brand":[],"product_cat":[2508],"product_tag":[],"class_list":{"0":"post-155160","1":"product","2":"type-product","3":"status-publish","4":"has-post-thumbnail","6":"product_cat-thermoses-and-thermos-mugs","8":"first","9":"instock","10":"taxable","11":"shipping-taxable","12":"purchasable","13":"product-type-variable","14":"entry","15":"content-bg","16":"loop-entry"},"acf":[],"_links":{"self":[{"href":"https:\/\/www.emporio.si\/si\/wp-json\/wp\/v2\/product\/155160","targetHints":{"allow":["GET"]}}],"collection":[{"href":"https:\/\/www.emporio.si\/si\/wp-json\/wp\/v2\/product"}],"about":[{"href":"https:\/\/www.emporio.si\/si\/wp-json\/wp\/v2\/types\/product"}],"wp:featuredmedia":[{"embeddable":true,"href":"https:\/\/www.emporio.si\/si\/wp-json\/wp\/v2\/media\/155156"}],"wp:attachment":[{"href":"https:\/\/www.emporio.si\/si\/wp-json\/wp\/v2\/media?parent=155160"}],"wp:term":[{"taxonomy":"product_brand","embeddable":true,"href":"https:\/\/www.emporio.si\/si\/wp-json\/wp\/v2\/product_brand?post=155160"},{"taxonomy":"product_cat","embeddable":true,"href":"https:\/\/www.emporio.si\/si\/wp-json\/wp\/v2\/product_cat?post=155160"},{"taxonomy":"product_tag","embeddable":true,"href":"https:\/\/www.emporio.si\/si\/wp-json\/wp\/v2\/product_tag?post=155160"}],"curies":[{"name":"wp","href":"https:\/\/api.w.org\/{rel}","templated":true}]}}