
{"id":155311,"date":"2025-09-11T12:14:13","date_gmt":"2025-09-11T12:14:13","guid":{"rendered":"https:\/\/www.emporio.si\/p\/headlamp-with-cob-lights\/"},"modified":"2025-10-15T19:18:31","modified_gmt":"2025-10-15T19:18:31","slug":"zaromet-z-lucmi-za-priziganje","status":"publish","type":"product","link":"https:\/\/www.emporio.si\/si\/p\/zaromet-z-lucmi-za-priziganje\/","title":{"rendered":"\u017daromet z lu\u010dmi COB"},"content":{"rendered":"<p>Naglavna svetilka COB s svetilnostjo 400 lumnov iz silikona s \u0161tevilnimi funkcijami osvetlitve s tremi lu\u010dmi COB in \u017earnico tipa 303. Polnilna baterija s \u010dasom delovanja do 3 ure (mo\u010d baterije: 800 mAh). Va\u0161 logotip bo graviran na silikonski del.<\/p>","protected":false},"excerpt":{"rendered":"<p>Naglavna svetilka COB s svetilnostjo 400 lumnov iz silikona s \u0161tevilnimi funkcijami osvetlitve s tremi lu\u010dmi COB in \u017earnico tipa 303. Polnilna baterija s \u010dasom delovanja do 3 ure (mo\u010d baterije: 800 mAh). Va\u0161 logotip bo graviran na silikonski del.<\/p>","protected":false},"featured_media":155302,"template":"","meta":{"_acf_changed":false,"inline_featured_image":false,"_bst_post_transparent":"","_bst_post_title":"","_bst_post_layout":"","_bst_post_sidebar_id":"","_bst_post_content_style":"","_bst_post_vertical_padding":"","_bst_post_feature":"","_bst_post_feature_position":"","_bst_post_header":false,"_bst_post_footer":false},"product_brand":[],"product_cat":[2519],"product_tag":[],"class_list":{"0":"post-155311","1":"product","2":"type-product","3":"status-publish","4":"has-post-thumbnail","6":"product_cat-flashlights","8":"first","9":"outofstock","10":"taxable","11":"shipping-taxable","12":"purchasable","13":"product-type-variable","14":"entry","15":"content-bg","16":"loop-entry"},"acf":[],"_links":{"self":[{"href":"https:\/\/www.emporio.si\/si\/wp-json\/wp\/v2\/product\/155311","targetHints":{"allow":["GET"]}}],"collection":[{"href":"https:\/\/www.emporio.si\/si\/wp-json\/wp\/v2\/product"}],"about":[{"href":"https:\/\/www.emporio.si\/si\/wp-json\/wp\/v2\/types\/product"}],"wp:featuredmedia":[{"embeddable":true,"href":"https:\/\/www.emporio.si\/si\/wp-json\/wp\/v2\/media\/155302"}],"wp:attachment":[{"href":"https:\/\/www.emporio.si\/si\/wp-json\/wp\/v2\/media?parent=155311"}],"wp:term":[{"taxonomy":"product_brand","embeddable":true,"href":"https:\/\/www.emporio.si\/si\/wp-json\/wp\/v2\/product_brand?post=155311"},{"taxonomy":"product_cat","embeddable":true,"href":"https:\/\/www.emporio.si\/si\/wp-json\/wp\/v2\/product_cat?post=155311"},{"taxonomy":"product_tag","embeddable":true,"href":"https:\/\/www.emporio.si\/si\/wp-json\/wp\/v2\/product_tag?post=155311"}],"curies":[{"name":"wp","href":"https:\/\/api.w.org\/{rel}","templated":true}]}}