
{"id":155601,"date":"2025-09-11T12:18:42","date_gmt":"2025-09-11T12:18:42","guid":{"rendered":"https:\/\/www.emporio.si\/p\/comfort-t-womens-t-shirt\/"},"modified":"2025-11-10T19:07:07","modified_gmt":"2025-11-10T19:07:07","slug":"comfort-t-zenska-majica","status":"publish","type":"product","link":"https:\/\/www.emporio.si\/si\/p\/comfort-t-zenska-majica\/","title":{"rendered":"Comfort-T \u017denska majica"},"content":{"rendered":"<p>Priljubljena te\u017eka izbira iz trpe\u017enega bomba\u017ea z obro\u010dastim predenjem, mehka \u017eenska majica s stranskimi \u0161ivi.<\/p>","protected":false},"excerpt":{"rendered":"<p>Priljubljena te\u017eka izbira iz trpe\u017enega bomba\u017ea z obro\u010dastim predenjem, mehka \u017eenska majica s stranskimi \u0161ivi.<\/p>","protected":false},"featured_media":155595,"template":"","meta":{"_acf_changed":false,"inline_featured_image":false,"_bst_post_transparent":"","_bst_post_title":"","_bst_post_layout":"","_bst_post_sidebar_id":"","_bst_post_content_style":"","_bst_post_vertical_padding":"","_bst_post_feature":"","_bst_post_feature_position":"","_bst_post_header":false,"_bst_post_footer":false},"product_brand":[],"product_cat":[2647],"product_tag":[],"class_list":{"0":"post-155601","1":"product","2":"type-product","3":"status-publish","4":"has-post-thumbnail","6":"product_cat-t-shirt","8":"first","9":"instock","10":"taxable","11":"shipping-taxable","12":"product-type-variable","13":"entry","14":"content-bg","15":"loop-entry"},"acf":[],"_links":{"self":[{"href":"https:\/\/www.emporio.si\/si\/wp-json\/wp\/v2\/product\/155601","targetHints":{"allow":["GET"]}}],"collection":[{"href":"https:\/\/www.emporio.si\/si\/wp-json\/wp\/v2\/product"}],"about":[{"href":"https:\/\/www.emporio.si\/si\/wp-json\/wp\/v2\/types\/product"}],"wp:featuredmedia":[{"embeddable":true,"href":"https:\/\/www.emporio.si\/si\/wp-json\/wp\/v2\/media\/155595"}],"wp:attachment":[{"href":"https:\/\/www.emporio.si\/si\/wp-json\/wp\/v2\/media?parent=155601"}],"wp:term":[{"taxonomy":"product_brand","embeddable":true,"href":"https:\/\/www.emporio.si\/si\/wp-json\/wp\/v2\/product_brand?post=155601"},{"taxonomy":"product_cat","embeddable":true,"href":"https:\/\/www.emporio.si\/si\/wp-json\/wp\/v2\/product_cat?post=155601"},{"taxonomy":"product_tag","embeddable":true,"href":"https:\/\/www.emporio.si\/si\/wp-json\/wp\/v2\/product_tag?post=155601"}],"curies":[{"name":"wp","href":"https:\/\/api.w.org\/{rel}","templated":true}]}}