
{"id":155640,"date":"2025-09-11T12:18:54","date_gmt":"2025-09-11T12:18:54","guid":{"rendered":"https:\/\/www.emporio.si\/p\/classic-t-v-neck-unisex-t-shirt\/"},"modified":"2025-11-10T13:21:09","modified_gmt":"2025-11-10T13:21:09","slug":"klasicna-majica-z-v-vratom-unisex","status":"publish","type":"product","link":"https:\/\/www.emporio.si\/si\/p\/klasicna-majica-z-v-vratom-unisex\/","title":{"rendered":"Unisex majica Classic-T z izrezom v obliki \u010drke V"},"content":{"rendered":"<p>Klasi\u010den slog z izrezom v obliki \u010drke V za mo\u0161ke. Mehka, brez stranskih \u0161ivov in izdelana iz trpe\u017enega bomba\u017ea iz enojnega jerseya.<\/p>","protected":false},"excerpt":{"rendered":"<p>Klasi\u010den slog z izrezom v obliki \u010drke V za mo\u0161ke. Mehka, brez stranskih \u0161ivov in izdelana iz trpe\u017enega bomba\u017ea iz enojnega jerseya.<\/p>","protected":false},"featured_media":155624,"template":"","meta":{"_acf_changed":false,"inline_featured_image":false,"_bst_post_transparent":"","_bst_post_title":"","_bst_post_layout":"","_bst_post_sidebar_id":"","_bst_post_content_style":"","_bst_post_vertical_padding":"","_bst_post_feature":"","_bst_post_feature_position":"","_bst_post_header":false,"_bst_post_footer":false},"product_brand":[],"product_cat":[2647],"product_tag":[],"class_list":{"0":"post-155640","1":"product","2":"type-product","3":"status-publish","4":"has-post-thumbnail","6":"product_cat-t-shirt","8":"first","9":"instock","10":"taxable","11":"shipping-taxable","12":"product-type-variable","13":"entry","14":"content-bg","15":"loop-entry"},"acf":[],"_links":{"self":[{"href":"https:\/\/www.emporio.si\/si\/wp-json\/wp\/v2\/product\/155640","targetHints":{"allow":["GET"]}}],"collection":[{"href":"https:\/\/www.emporio.si\/si\/wp-json\/wp\/v2\/product"}],"about":[{"href":"https:\/\/www.emporio.si\/si\/wp-json\/wp\/v2\/types\/product"}],"wp:featuredmedia":[{"embeddable":true,"href":"https:\/\/www.emporio.si\/si\/wp-json\/wp\/v2\/media\/155624"}],"wp:attachment":[{"href":"https:\/\/www.emporio.si\/si\/wp-json\/wp\/v2\/media?parent=155640"}],"wp:term":[{"taxonomy":"product_brand","embeddable":true,"href":"https:\/\/www.emporio.si\/si\/wp-json\/wp\/v2\/product_brand?post=155640"},{"taxonomy":"product_cat","embeddable":true,"href":"https:\/\/www.emporio.si\/si\/wp-json\/wp\/v2\/product_cat?post=155640"},{"taxonomy":"product_tag","embeddable":true,"href":"https:\/\/www.emporio.si\/si\/wp-json\/wp\/v2\/product_tag?post=155640"}],"curies":[{"name":"wp","href":"https:\/\/api.w.org\/{rel}","templated":true}]}}