
{"id":155897,"date":"2025-09-11T12:20:19","date_gmt":"2025-09-11T12:20:19","guid":{"rendered":"https:\/\/www.emporio.si\/p\/stretch-t-unisex-t-shirt\/"},"modified":"2025-11-10T13:22:35","modified_gmt":"2025-11-10T13:22:35","slug":"raztegljiva-t-majica-unisex","status":"publish","type":"product","link":"https:\/\/www.emporio.si\/si\/p\/raztegljiva-t-majica-unisex\/","title":{"rendered":"Unisex majica Stretch-T"},"content":{"rendered":"<p>Prilegajo\u010da se majica za mo\u0161ke iz mehke in gladke me\u0161anice bomba\u017ea in elastana s kontrastnim vratnim trakom.<\/p>","protected":false},"excerpt":{"rendered":"<p>Prilegajo\u010da se majica za mo\u0161ke iz mehke in gladke me\u0161anice bomba\u017ea in elastana s kontrastnim vratnim trakom.<\/p>","protected":false},"featured_media":155886,"template":"","meta":{"_acf_changed":false,"inline_featured_image":false,"_bst_post_transparent":"","_bst_post_title":"","_bst_post_layout":"","_bst_post_sidebar_id":"","_bst_post_content_style":"","_bst_post_vertical_padding":"","_bst_post_feature":"","_bst_post_feature_position":"","_bst_post_header":false,"_bst_post_footer":false},"product_brand":[],"product_cat":[2647],"product_tag":[],"class_list":{"0":"post-155897","1":"product","2":"type-product","3":"status-publish","4":"has-post-thumbnail","6":"product_cat-t-shirt","8":"first","9":"instock","10":"taxable","11":"shipping-taxable","12":"product-type-variable","13":"entry","14":"content-bg","15":"loop-entry"},"acf":[],"_links":{"self":[{"href":"https:\/\/www.emporio.si\/si\/wp-json\/wp\/v2\/product\/155897","targetHints":{"allow":["GET"]}}],"collection":[{"href":"https:\/\/www.emporio.si\/si\/wp-json\/wp\/v2\/product"}],"about":[{"href":"https:\/\/www.emporio.si\/si\/wp-json\/wp\/v2\/types\/product"}],"wp:featuredmedia":[{"embeddable":true,"href":"https:\/\/www.emporio.si\/si\/wp-json\/wp\/v2\/media\/155886"}],"wp:attachment":[{"href":"https:\/\/www.emporio.si\/si\/wp-json\/wp\/v2\/media?parent=155897"}],"wp:term":[{"taxonomy":"product_brand","embeddable":true,"href":"https:\/\/www.emporio.si\/si\/wp-json\/wp\/v2\/product_brand?post=155897"},{"taxonomy":"product_cat","embeddable":true,"href":"https:\/\/www.emporio.si\/si\/wp-json\/wp\/v2\/product_cat?post=155897"},{"taxonomy":"product_tag","embeddable":true,"href":"https:\/\/www.emporio.si\/si\/wp-json\/wp\/v2\/product_tag?post=155897"}],"curies":[{"name":"wp","href":"https:\/\/api.w.org\/{rel}","templated":true}]}}