
{"id":156007,"date":"2025-09-11T12:20:51","date_gmt":"2025-09-11T12:20:51","guid":{"rendered":"https:\/\/www.emporio.si\/p\/classic-womens-polo\/"},"modified":"2025-11-10T13:23:00","modified_gmt":"2025-11-10T13:23:00","slug":"klasicni-zenski-polo","status":"publish","type":"product","link":"https:\/\/www.emporio.si\/si\/p\/klasicni-zenski-polo\/","title":{"rendered":"Klasi\u010dni \u017eenski polo"},"content":{"rendered":"<p>Mehka polo majica iz enojnega d\u017eersija za \u017eenske s prijetnim pik\u010dastim videzom, rebrastim ovratnikom in dvema gumboma v barvi.<\/p>","protected":false},"excerpt":{"rendered":"<p>Mehka polo majica iz enojnega d\u017eersija za \u017eenske s prijetnim pik\u010dastim videzom, rebrastim ovratnikom in dvema gumboma v barvi.<\/p>","protected":false},"featured_media":155994,"template":"","meta":{"_acf_changed":false,"inline_featured_image":false,"_bst_post_transparent":"","_bst_post_title":"","_bst_post_layout":"","_bst_post_sidebar_id":"","_bst_post_content_style":"","_bst_post_vertical_padding":"","_bst_post_feature":"","_bst_post_feature_position":"","_bst_post_header":false,"_bst_post_footer":false},"product_brand":[],"product_cat":[2655],"product_tag":[],"class_list":{"0":"post-156007","1":"product","2":"type-product","3":"status-publish","4":"has-post-thumbnail","6":"product_cat-polos","8":"first","9":"instock","10":"taxable","11":"shipping-taxable","12":"product-type-variable","13":"entry","14":"content-bg","15":"loop-entry"},"acf":[],"_links":{"self":[{"href":"https:\/\/www.emporio.si\/si\/wp-json\/wp\/v2\/product\/156007","targetHints":{"allow":["GET"]}}],"collection":[{"href":"https:\/\/www.emporio.si\/si\/wp-json\/wp\/v2\/product"}],"about":[{"href":"https:\/\/www.emporio.si\/si\/wp-json\/wp\/v2\/types\/product"}],"wp:featuredmedia":[{"embeddable":true,"href":"https:\/\/www.emporio.si\/si\/wp-json\/wp\/v2\/media\/155994"}],"wp:attachment":[{"href":"https:\/\/www.emporio.si\/si\/wp-json\/wp\/v2\/media?parent=156007"}],"wp:term":[{"taxonomy":"product_brand","embeddable":true,"href":"https:\/\/www.emporio.si\/si\/wp-json\/wp\/v2\/product_brand?post=156007"},{"taxonomy":"product_cat","embeddable":true,"href":"https:\/\/www.emporio.si\/si\/wp-json\/wp\/v2\/product_cat?post=156007"},{"taxonomy":"product_tag","embeddable":true,"href":"https:\/\/www.emporio.si\/si\/wp-json\/wp\/v2\/product_tag?post=156007"}],"curies":[{"name":"wp","href":"https:\/\/api.w.org\/{rel}","templated":true}]}}