
{"id":156060,"date":"2025-09-11T12:21:07","date_gmt":"2025-09-11T12:21:07","guid":{"rendered":"https:\/\/www.emporio.si\/p\/power-unisex-fleece-jacket\/"},"modified":"2025-11-10T19:07:10","modified_gmt":"2025-11-10T19:07:10","slug":"power-unisex-jopa-iz-flisa","status":"publish","type":"product","link":"https:\/\/www.emporio.si\/si\/p\/power-unisex-jopa-iz-flisa\/","title":{"rendered":"Unisex jopi\u010d iz flisa Power"},"content":{"rendered":"<p>Vsestranski pripomo\u010dek za srednjo te\u017eo! Ta mo\u0161ka jakna iz debelega flisa ima izbolj\u0161ane toplotnoizolacijske lastnosti in sodoben videz, ozke kontrastne vezi, kapuco iz flisa in kontrastno zadrgo.<\/p>","protected":false},"excerpt":{"rendered":"<p>Vsestranski pripomo\u010dek za srednjo te\u017eo! Ta mo\u0161ka jakna iz debelega flisa ima izbolj\u0161ane toplotnoizolacijske lastnosti in sodoben videz, ozke kontrastne vezi, kapuco iz flisa in kontrastno zadrgo.<\/p>","protected":false},"featured_media":156059,"template":"","meta":{"_acf_changed":false,"inline_featured_image":false,"_bst_post_transparent":"","_bst_post_title":"","_bst_post_layout":"","_bst_post_sidebar_id":"","_bst_post_content_style":"","_bst_post_vertical_padding":"","_bst_post_feature":"","_bst_post_feature_position":"","_bst_post_header":false,"_bst_post_footer":false},"product_brand":[],"product_cat":[2653,2649],"product_tag":[],"class_list":{"0":"post-156060","1":"product","2":"type-product","3":"status-publish","4":"has-post-thumbnail","6":"product_cat-polar","7":"product_cat-sweater","9":"first","10":"instock","11":"taxable","12":"shipping-taxable","13":"product-type-variable","14":"entry","15":"content-bg","16":"loop-entry"},"acf":[],"_links":{"self":[{"href":"https:\/\/www.emporio.si\/si\/wp-json\/wp\/v2\/product\/156060","targetHints":{"allow":["GET"]}}],"collection":[{"href":"https:\/\/www.emporio.si\/si\/wp-json\/wp\/v2\/product"}],"about":[{"href":"https:\/\/www.emporio.si\/si\/wp-json\/wp\/v2\/types\/product"}],"wp:featuredmedia":[{"embeddable":true,"href":"https:\/\/www.emporio.si\/si\/wp-json\/wp\/v2\/media\/156059"}],"wp:attachment":[{"href":"https:\/\/www.emporio.si\/si\/wp-json\/wp\/v2\/media?parent=156060"}],"wp:term":[{"taxonomy":"product_brand","embeddable":true,"href":"https:\/\/www.emporio.si\/si\/wp-json\/wp\/v2\/product_brand?post=156060"},{"taxonomy":"product_cat","embeddable":true,"href":"https:\/\/www.emporio.si\/si\/wp-json\/wp\/v2\/product_cat?post=156060"},{"taxonomy":"product_tag","embeddable":true,"href":"https:\/\/www.emporio.si\/si\/wp-json\/wp\/v2\/product_tag?post=156060"}],"curies":[{"name":"wp","href":"https:\/\/api.w.org\/{rel}","templated":true}]}}