
{"id":156358,"date":"2025-09-11T12:22:39","date_gmt":"2025-09-11T12:22:39","guid":{"rendered":"https:\/\/www.emporio.si\/p\/cropped-sweatshirt-for-women\/"},"modified":"2025-11-10T19:07:11","modified_gmt":"2025-11-10T19:07:11","slug":"krojena-majica-za-zenske","status":"publish","type":"product","link":"https:\/\/www.emporio.si\/si\/p\/krojena-majica-za-zenske\/","title":{"rendered":"Obrezana majica za \u017eenske"},"content":{"rendered":"<p>Modna pokr\u010dena jopa za \u017eenske iz mo\u010dne me\u0161anice \u010desanega bomba\u017ea in recikliranega poliestra, ki je zaklju\u010dena s polmesecem s potiskom, \u0161irokimi rebrastimi man\u0161etami, ovratnikom in pasom.\u00a0<\/p>","protected":false},"excerpt":{"rendered":"<p>Modna pokr\u010dena jopa za \u017eenske iz mo\u010dne me\u0161anice \u010desanega bomba\u017ea in recikliranega poliestra, ki je zaklju\u010dena s polmesecem s potiskom, \u0161irokimi rebrastimi man\u0161etami, ovratnikom in pasom.\u00a0<\/p>","protected":false},"featured_media":156353,"template":"","meta":{"_acf_changed":false,"inline_featured_image":false,"_bst_post_transparent":"","_bst_post_title":"","_bst_post_layout":"","_bst_post_sidebar_id":"","_bst_post_content_style":"","_bst_post_vertical_padding":"","_bst_post_feature":"","_bst_post_feature_position":"","_bst_post_header":false,"_bst_post_footer":false},"product_brand":[],"product_cat":[2649],"product_tag":[],"class_list":{"0":"post-156358","1":"product","2":"type-product","3":"status-publish","4":"has-post-thumbnail","6":"product_cat-sweater","8":"first","9":"instock","10":"taxable","11":"shipping-taxable","12":"product-type-variable","13":"entry","14":"content-bg","15":"loop-entry"},"acf":[],"_links":{"self":[{"href":"https:\/\/www.emporio.si\/si\/wp-json\/wp\/v2\/product\/156358","targetHints":{"allow":["GET"]}}],"collection":[{"href":"https:\/\/www.emporio.si\/si\/wp-json\/wp\/v2\/product"}],"about":[{"href":"https:\/\/www.emporio.si\/si\/wp-json\/wp\/v2\/types\/product"}],"wp:featuredmedia":[{"embeddable":true,"href":"https:\/\/www.emporio.si\/si\/wp-json\/wp\/v2\/media\/156353"}],"wp:attachment":[{"href":"https:\/\/www.emporio.si\/si\/wp-json\/wp\/v2\/media?parent=156358"}],"wp:term":[{"taxonomy":"product_brand","embeddable":true,"href":"https:\/\/www.emporio.si\/si\/wp-json\/wp\/v2\/product_brand?post=156358"},{"taxonomy":"product_cat","embeddable":true,"href":"https:\/\/www.emporio.si\/si\/wp-json\/wp\/v2\/product_cat?post=156358"},{"taxonomy":"product_tag","embeddable":true,"href":"https:\/\/www.emporio.si\/si\/wp-json\/wp\/v2\/product_tag?post=156358"}],"curies":[{"name":"wp","href":"https:\/\/api.w.org\/{rel}","templated":true}]}}